{"id":7,"date":"2018-11-27T09:17:42","date_gmt":"2018-11-27T09:17:42","guid":{"rendered":"https:\/\/concejodeliberanteag.gob.ar\/nuevo\/projects\/"},"modified":"2024-07-17T16:49:41","modified_gmt":"2024-07-17T16:49:41","slug":"legislacion","status":"publish","type":"page","link":"https:\/\/concejodeliberanteag.gob.ar\/nuevo\/legislacion\/","title":{"rendered":"LEGISLACI\u00d3N"},"content":{"rendered":"\t\t<div data-elementor-type=\"wp-post\" data-elementor-id=\"7\" class=\"elementor elementor-7\" data-elementor-post-type=\"page\">\n\t\t\t\t<div class=\"elementor-element elementor-element-36e4911 e-flex e-con-boxed e-con e-parent\" data-id=\"36e4911\" data-element_type=\"container\" data-e-type=\"container\" data-settings=\"{&quot;background_background&quot;:&quot;classic&quot;}\">\n\t\t\t\t\t<div class=\"e-con-inner\">\n\t\t<div class=\"elementor-element elementor-element-8d332cf e-con-full e-flex e-con e-child\" data-id=\"8d332cf\" data-element_type=\"container\" data-e-type=\"container\">\n\t\t\t\t<div class=\"elementor-element elementor-element-4bf79de elementor-widget elementor-widget-heading\" data-id=\"4bf79de\" data-element_type=\"widget\" data-e-type=\"widget\" data-widget_type=\"heading.default\">\n\t\t\t\t<div class=\"elementor-widget-container\">\n\t\t\t\t\t<h1 class=\"elementor-heading-title elementor-size-default\">LEGISLACI\u00d3N<\/h1>\t\t\t\t<\/div>\n\t\t\t\t<\/div>\n\t\t\t\t<\/div>\n\t\t\t\t\t<\/div>\n\t\t\t\t<\/div>\n\t\t<div class=\"elementor-element elementor-element-0c901ab e-flex e-con-boxed e-con e-parent\" data-id=\"0c901ab\" data-element_type=\"container\" data-e-type=\"container\">\n\t\t\t\t\t<div class=\"e-con-inner\">\n\t\t<div class=\"elementor-element elementor-element-b71e4eb e-con-full e-flex e-con e-child\" data-id=\"b71e4eb\" data-element_type=\"container\" data-e-type=\"container\">\n\t\t\t\t<div class=\"elementor-element elementor-element-52d103b elementor-widget elementor-widget-image-box\" data-id=\"52d103b\" data-element_type=\"widget\" data-e-type=\"widget\" data-widget_type=\"image-box.default\">\n\t\t\t\t<div class=\"elementor-widget-container\">\n\t\t\t\t\t<div class=\"elementor-image-box-wrapper\"><div class=\"elementor-image-box-content\"><h2 class=\"elementor-image-box-title\">LAS NORMAS DE CONVIVENCIA<\/h2><p class=\"elementor-image-box-description\">En esta secci\u00f3n ten\u00e9s disponible los cuerpos normativos del Poder Legislativo en sus diferentes niveles de gobierno: naci\u00f3n, provincia y municipio. Los archivos se descargan en PDF<\/p><\/div><\/div>\t\t\t\t<\/div>\n\t\t\t\t<\/div>\n\t\t\t\t<div class=\"elementor-element elementor-element-3c525f0 elementor-widget-divider--view-line_text elementor-widget-divider--element-align-left elementor-widget elementor-widget-divider\" data-id=\"3c525f0\" data-element_type=\"widget\" data-e-type=\"widget\" data-widget_type=\"divider.default\">\n\t\t\t\t<div class=\"elementor-widget-container\">\n\t\t\t\t\t\t\t<div class=\"elementor-divider\">\n\t\t\t<span class=\"elementor-divider-separator\">\n\t\t\t\t\t\t<\/span>\n\t\t<\/div>\n\t\t\t\t\t\t<\/div>\n\t\t\t\t<\/div>\n\t\t\t\t<\/div>\n\t\t\t\t\t<\/div>\n\t\t\t\t<\/div>\n\t\t<div class=\"elementor-element elementor-element-a46175b e-flex e-con-boxed e-con e-parent\" data-id=\"a46175b\" data-element_type=\"container\" data-e-type=\"container\">\n\t\t\t\t\t<div class=\"e-con-inner\">\n\t\t<div class=\"elementor-element elementor-element-ef5c5aa e-con-full e-flex e-con e-child\" data-id=\"ef5c5aa\" data-element_type=\"container\" data-e-type=\"container\">\n\t\t\t\t<div class=\"elementor-element elementor-element-4529ef3 elementor-widget elementor-widget-image\" data-id=\"4529ef3\" data-element_type=\"widget\" data-e-type=\"widget\" data-widget_type=\"image.default\">\n\t\t\t\t<div class=\"elementor-widget-container\">\n\t\t\t\t\t\t\t\t\t\t\t\t\t\t\t<img decoding=\"async\" width=\"150\" height=\"150\" src=\"https:\/\/concejodeliberanteag.gob.ar\/nuevo\/wp-content\/uploads\/2024\/07\/constitucion-e1721234562379-150x150.png\" class=\"attachment-thumbnail size-thumbnail wp-image-2350\" alt=\"\" \/>\t\t\t\t\t\t\t\t\t\t\t\t\t\t\t<\/div>\n\t\t\t\t<\/div>\n\t\t\t\t<div class=\"elementor-element elementor-element-18f1b06 elementor-widget elementor-widget-text-editor\" data-id=\"18f1b06\" data-element_type=\"widget\" data-e-type=\"widget\" data-widget_type=\"text-editor.default\">\n\t\t\t\t<div class=\"elementor-widget-container\">\n\t\t\t\t\t\t\t\t\t<h5 style=\"text-align: center;\"><a href=\"https:\/\/concejodeliberanteag.gob.ar\/nuevo\/wp-content\/uploads\/2024\/04\/Constitucion-de-la-Nacion-Argentina-Publicacion-del-Bicent.pdf\" target=\"_blank\" rel=\"noopener\">Constituci\u00f3n de la Naci\u00f3n Argentina<\/a><\/h5>\t\t\t\t\t\t\t\t<\/div>\n\t\t\t\t<\/div>\n\t\t\t\t<\/div>\n\t\t<div class=\"elementor-element elementor-element-c4d2a31 e-con-full e-flex e-con e-child\" data-id=\"c4d2a31\" data-element_type=\"container\" data-e-type=\"container\">\n\t\t\t\t<div class=\"elementor-element elementor-element-5b7caa4 elementor-widget elementor-widget-image\" data-id=\"5b7caa4\" data-element_type=\"widget\" data-e-type=\"widget\" data-widget_type=\"image.default\">\n\t\t\t\t<div class=\"elementor-widget-container\">\n\t\t\t\t\t\t\t\t\t\t\t\t\t\t\t<img decoding=\"async\" width=\"150\" height=\"150\" src=\"https:\/\/concejodeliberanteag.gob.ar\/nuevo\/wp-content\/uploads\/2024\/07\/Reglamento-Interno-150x150.png\" class=\"attachment-thumbnail size-thumbnail wp-image-2341\" alt=\"\" srcset=\"https:\/\/concejodeliberanteag.gob.ar\/nuevo\/wp-content\/uploads\/2024\/07\/Reglamento-Interno-150x150.png 150w, https:\/\/concejodeliberanteag.gob.ar\/nuevo\/wp-content\/uploads\/2024\/07\/Reglamento-Interno-300x300.png 300w, https:\/\/concejodeliberanteag.gob.ar\/nuevo\/wp-content\/uploads\/2024\/07\/Reglamento-Interno.png 512w\" sizes=\"(max-width: 150px) 100vw, 150px\" \/>\t\t\t\t\t\t\t\t\t\t\t\t\t\t\t<\/div>\n\t\t\t\t<\/div>\n\t\t\t\t<div class=\"elementor-element elementor-element-3a547dd elementor-widget elementor-widget-text-editor\" data-id=\"3a547dd\" data-element_type=\"widget\" data-e-type=\"widget\" data-widget_type=\"text-editor.default\">\n\t\t\t\t<div class=\"elementor-widget-container\">\n\t\t\t\t\t\t\t\t\t<h5 style=\"text-align: center;\"><a href=\"https:\/\/concejodeliberanteag.gob.ar\/nuevo\/wp-content\/uploads\/2024\/04\/ConstitucionCordoba.pdf\" target=\"_blank\" rel=\"noopener\">Constituci\u00f3n de la Provincia de C\u00f3rdoba<\/a><\/h5>\t\t\t\t\t\t\t\t<\/div>\n\t\t\t\t<\/div>\n\t\t\t\t<\/div>\n\t\t<div class=\"elementor-element elementor-element-b6bd753 e-con-full e-flex e-con e-child\" data-id=\"b6bd753\" data-element_type=\"container\" data-e-type=\"container\">\n\t\t\t\t<div class=\"elementor-element elementor-element-900f9c7 elementor-widget elementor-widget-image\" data-id=\"900f9c7\" data-element_type=\"widget\" data-e-type=\"widget\" data-widget_type=\"image.default\">\n\t\t\t\t<div class=\"elementor-widget-container\">\n\t\t\t\t\t\t\t\t\t\t\t\t\t\t\t<img decoding=\"async\" src=\"https:\/\/concejodeliberanteag.gob.ar\/nuevo\/wp-content\/uploads\/elementor\/thumbs\/carta-organica-e1721234644894-qr92ymduz64cru3crswqgkb1uohjc8i1bop6qukypc.png\" title=\"carta organica\" alt=\"carta organica\" loading=\"lazy\" \/>\t\t\t\t\t\t\t\t\t\t\t\t\t\t\t<\/div>\n\t\t\t\t<\/div>\n\t\t\t\t<div class=\"elementor-element elementor-element-60e0570 elementor-widget elementor-widget-text-editor\" data-id=\"60e0570\" data-element_type=\"widget\" data-e-type=\"widget\" data-widget_type=\"text-editor.default\">\n\t\t\t\t<div class=\"elementor-widget-container\">\n\t\t\t\t\t\t\t\t\t<h5 style=\"text-align: center;\"><a href=\"https:\/\/concejodeliberanteag.gob.ar\/nuevo\/wp-content\/uploads\/2024\/04\/carta_organica_municipal.pdf\" target=\"_blank\" rel=\"noopener\">Carta Org\u00e1nica de la ciudad de Alta Gracia<\/a><\/h5>\t\t\t\t\t\t\t\t<\/div>\n\t\t\t\t<\/div>\n\t\t\t\t<\/div>\n\t\t<div class=\"elementor-element elementor-element-2c607eb e-con-full e-flex e-con e-child\" data-id=\"2c607eb\" data-element_type=\"container\" data-e-type=\"container\">\n\t\t\t\t<div class=\"elementor-element elementor-element-268adae elementor-widget elementor-widget-image\" data-id=\"268adae\" data-element_type=\"widget\" data-e-type=\"widget\" data-widget_type=\"image.default\">\n\t\t\t\t<div class=\"elementor-widget-container\">\n\t\t\t\t\t\t\t\t\t\t\t\t\t\t\t<img decoding=\"async\" src=\"https:\/\/concejodeliberanteag.gob.ar\/nuevo\/wp-content\/uploads\/elementor\/thumbs\/formularios-qr92ra97mq2s5er0m4qkhwyixene9adgnddqw3gl9s.png\" title=\"formularios\" alt=\"formularios\" loading=\"lazy\" \/>\t\t\t\t\t\t\t\t\t\t\t\t\t\t\t<\/div>\n\t\t\t\t<\/div>\n\t\t\t\t<div class=\"elementor-element elementor-element-b2f5e24 elementor-widget elementor-widget-text-editor\" data-id=\"b2f5e24\" data-element_type=\"widget\" data-e-type=\"widget\" data-widget_type=\"text-editor.default\">\n\t\t\t\t<div class=\"elementor-widget-container\">\n\t\t\t\t\t\t\t\t\t<h5><a href=\"https:\/\/concejodeliberanteag.gob.ar\/nuevo\/wp-content\/uploads\/2024\/04\/Reglamento-Interno-HCD-Alta-Gracia.pdf\" target=\"_blank\" rel=\"noopener\">Reglamento interno H.C. Deliberante Alta Gracia<\/a><\/h5>\t\t\t\t\t\t\t\t<\/div>\n\t\t\t\t<\/div>\n\t\t\t\t<\/div>\n\t\t\t\t\t<\/div>\n\t\t\t\t<\/div>\n\t\t\t\t<\/div>\n\t\t","protected":false},"excerpt":{"rendered":"<p>LEGISLACI\u00d3N LAS NORMAS DE CONVIVENCIA En esta secci\u00f3n ten\u00e9s disponible los cuerpos normativos del Poder Legislativo en sus diferentes niveles de gobierno: naci\u00f3n, provincia y municipio. Los archivos se descargan en PDF Constituci\u00f3n de la Naci\u00f3n Argentina Constituci\u00f3n de la Provincia de C\u00f3rdoba Carta Org\u00e1nica de la ciudad de Alta Gracia Reglamento interno H.C. Deliberante [&hellip;]<\/p>\n","protected":false},"author":1,"featured_media":0,"parent":0,"menu_order":0,"comment_status":"closed","ping_status":"closed","template":"","meta":{"site-sidebar-layout":"no-sidebar","site-content-layout":"page-builder","ast-site-content-layout":"full-width-container","site-content-style":"unboxed","site-sidebar-style":"unboxed","ast-global-header-display":"","ast-banner-title-visibility":"","ast-main-header-display":"","ast-hfb-above-header-display":"","ast-hfb-below-header-display":"","ast-hfb-mobile-header-display":"","site-post-title":"disabled","ast-breadcrumbs-content":"","ast-featured-img":"disabled","footer-sml-layout":"","theme-transparent-header-meta":"enabled","adv-header-id-meta":"","stick-header-meta":"","header-above-stick-meta":"","header-main-stick-meta":"","header-below-stick-meta":"","astra-migrate-meta-layouts":"set","ast-page-background-enabled":"default","ast-page-background-meta":{"desktop":{"background-color":"","background-image":"","background-repeat":"repeat","background-position":"center center","background-size":"auto","background-attachment":"scroll","background-type":"","background-media":"","overlay-type":"","overlay-color":"","overlay-opacity":"","overlay-gradient":""},"tablet":{"background-color":"","background-image":"","background-repeat":"repeat","background-position":"center center","background-size":"auto","background-attachment":"scroll","background-type":"","background-media":"","overlay-type":"","overlay-color":"","overlay-opacity":"","overlay-gradient":""},"mobile":{"background-color":"","background-image":"","background-repeat":"repeat","background-position":"center center","background-size":"auto","background-attachment":"scroll","background-type":"","background-media":"","overlay-type":"","overlay-color":"","overlay-opacity":"","overlay-gradient":""}},"ast-content-background-meta":{"desktop":{"background-color":"var(--ast-global-color-5)","background-image":"","background-repeat":"repeat","background-position":"center center","background-size":"auto","background-attachment":"scroll","background-type":"","background-media":"","overlay-type":"","overlay-color":"","overlay-opacity":"","overlay-gradient":""},"tablet":{"background-color":"var(--ast-global-color-5)","background-image":"","background-repeat":"repeat","background-position":"center center","background-size":"auto","background-attachment":"scroll","background-type":"","background-media":"","overlay-type":"","overlay-color":"","overlay-opacity":"","overlay-gradient":""},"mobile":{"background-color":"var(--ast-global-color-5)","background-image":"","background-repeat":"repeat","background-position":"center center","background-size":"auto","background-attachment":"scroll","background-type":"","background-media":"","overlay-type":"","overlay-color":"","overlay-opacity":"","overlay-gradient":""}},"footnotes":""},"class_list":["post-7","page","type-page","status-publish","hentry"],"_links":{"self":[{"href":"https:\/\/concejodeliberanteag.gob.ar\/nuevo\/wp-json\/wp\/v2\/pages\/7","targetHints":{"allow":["GET"]}}],"collection":[{"href":"https:\/\/concejodeliberanteag.gob.ar\/nuevo\/wp-json\/wp\/v2\/pages"}],"about":[{"href":"https:\/\/concejodeliberanteag.gob.ar\/nuevo\/wp-json\/wp\/v2\/types\/page"}],"author":[{"embeddable":true,"href":"https:\/\/concejodeliberanteag.gob.ar\/nuevo\/wp-json\/wp\/v2\/users\/1"}],"replies":[{"embeddable":true,"href":"https:\/\/concejodeliberanteag.gob.ar\/nuevo\/wp-json\/wp\/v2\/comments?post=7"}],"version-history":[{"count":52,"href":"https:\/\/concejodeliberanteag.gob.ar\/nuevo\/wp-json\/wp\/v2\/pages\/7\/revisions"}],"predecessor-version":[{"id":2357,"href":"https:\/\/concejodeliberanteag.gob.ar\/nuevo\/wp-json\/wp\/v2\/pages\/7\/revisions\/2357"}],"wp:attachment":[{"href":"https:\/\/concejodeliberanteag.gob.ar\/nuevo\/wp-json\/wp\/v2\/media?parent=7"}],"curies":[{"name":"wp","href":"https:\/\/api.w.org\/{rel}","templated":true}]}}